{"id":387,"date":"2023-03-30T13:08:09","date_gmt":"2023-03-30T10:08:09","guid":{"rendered":"https:\/\/faguri.md\/?post_type=product&#038;p=387"},"modified":"2023-03-30T13:08:09","modified_gmt":"2023-03-30T10:08:09","slug":"sarma-galvanizata-1-kg","status":"publish","type":"product","link":"https:\/\/faguri.md\/?product=sarma-galvanizata-1-kg","title":{"rendered":"S\u00e2rm\u0103 galvanizat\u0103 1 kg"},"content":{"rendered":"","protected":false},"excerpt":{"rendered":"","protected":false},"featured_media":388,"template":"","meta":[],"product_brand":[],"product_cat":[27],"product_tag":[],"class_list":{"0":"post-387","1":"product","2":"type-product","3":"status-publish","4":"has-post-thumbnail","6":"product_cat-rame-si-accesorii","8":"first","9":"instock","10":"shipping-taxable","11":"purchasable","12":"product-type-simple"},"_links":{"self":[{"href":"https:\/\/faguri.md\/index.php?rest_route=\/wp\/v2\/product\/387","targetHints":{"allow":["GET"]}}],"collection":[{"href":"https:\/\/faguri.md\/index.php?rest_route=\/wp\/v2\/product"}],"about":[{"href":"https:\/\/faguri.md\/index.php?rest_route=\/wp\/v2\/types\/product"}],"wp:featuredmedia":[{"embeddable":true,"href":"https:\/\/faguri.md\/index.php?rest_route=\/wp\/v2\/media\/388"}],"wp:attachment":[{"href":"https:\/\/faguri.md\/index.php?rest_route=%2Fwp%2Fv2%2Fmedia&parent=387"}],"wp:term":[{"taxonomy":"product_brand","embeddable":true,"href":"https:\/\/faguri.md\/index.php?rest_route=%2Fwp%2Fv2%2Fproduct_brand&post=387"},{"taxonomy":"product_cat","embeddable":true,"href":"https:\/\/faguri.md\/index.php?rest_route=%2Fwp%2Fv2%2Fproduct_cat&post=387"},{"taxonomy":"product_tag","embeddable":true,"href":"https:\/\/faguri.md\/index.php?rest_route=%2Fwp%2Fv2%2Fproduct_tag&post=387"}],"curies":[{"name":"wp","href":"https:\/\/api.w.org\/{rel}","templated":true}]}}