{"id":245,"date":"2023-03-29T20:51:48","date_gmt":"2023-03-29T17:51:48","guid":{"rendered":"https:\/\/faguri.md\/?post_type=product&#038;p=245"},"modified":"2023-03-29T20:57:04","modified_gmt":"2023-03-29T17:57:04","slug":"apipollen-substitute-7kg","status":"publish","type":"product","link":"https:\/\/faguri.md\/?product=apipollen-substitute-7kg","title":{"rendered":"ApiPollen Substitute 7kg"},"content":{"rendered":"","protected":false},"excerpt":{"rendered":"<p>Produc\u0103tor: Romania.<\/p>\n<p><strong>ApiPollen Substitute \u2013 7 kg.<\/strong><\/p>\n<div class=\"wpb_text_column wpb_content_element \">\n<div class=\"wpb_wrapper\">\n<p>Substituent de polen cu \u00eenalt\u0103 valoare biologic\u0103.<\/p>\n<p>Con\u021bine o mare cantitate de protein\u0103 de 51% bine echilibrat la nivelul aminoaciziolor esen\u021biali pentru albine, u\u0219or digerabil \u0219i asimilabil, bine tolerat de c\u0103tre organismul albinei.<\/p>\n<p>Ingrediente vegetale, nemodificate genetic, testat veterinar. \u00cenlocuie\u0219te cu succes polenul de slab\u0103 calitate (porumb, rapi\u021b\u0103 etc.). Nu con\u021bine elemente nedigerabile.<\/p>\n<p>&nbsp;<\/p>\n<p><strong>Mod de administrare:<\/strong><\/p>\n<p>\u00cen Rom\u00e2nia: \u00een perioada de prim\u0103var\u0103 timpurie poate fi administrat ca atare albinelor \u00een stupin\u0103 dac\u0103 sunt condi\u021bii de zbor, dar folosind aceast\u0103 metod\u0103 exist\u0103 riscul ca cerin\u021bele pentru cre\u0219terea\u00a0 puietului s\u0103 nu poat\u0103 fi acoperite. Se recomand\u0103 amestecarea \u00een propor\u021bie de 20% \u00eentr-o mas\u0103 glucidic\u0103 (80%). Din amestecul final, adus la o consisten\u021b\u0103 de past\u0103 care s\u0103 nu curg\u0103, se fac turte ce se pot administra pe spetezele superioare ale ramelor cu puiet.<\/p>\n<p><iframe src=\"https:\/\/www.youtube.com\/embed\/RgPsFiOYxLc\" width=\"560\" height=\"314\" allowfullscreen=\"allowfullscreen\" data-mce-fragment=\"1\"><\/iframe><\/p>\n<\/div>\n<\/div>\n","protected":false},"featured_media":246,"template":"","meta":[],"product_brand":[],"product_cat":[24],"product_tag":[],"class_list":{"0":"post-245","1":"product","2":"type-product","3":"status-publish","4":"has-post-thumbnail","6":"product_cat-hrana-si-tratament","8":"first","9":"instock","10":"shipping-taxable","11":"purchasable","12":"product-type-simple"},"_links":{"self":[{"href":"https:\/\/faguri.md\/index.php?rest_route=\/wp\/v2\/product\/245","targetHints":{"allow":["GET"]}}],"collection":[{"href":"https:\/\/faguri.md\/index.php?rest_route=\/wp\/v2\/product"}],"about":[{"href":"https:\/\/faguri.md\/index.php?rest_route=\/wp\/v2\/types\/product"}],"wp:featuredmedia":[{"embeddable":true,"href":"https:\/\/faguri.md\/index.php?rest_route=\/wp\/v2\/media\/246"}],"wp:attachment":[{"href":"https:\/\/faguri.md\/index.php?rest_route=%2Fwp%2Fv2%2Fmedia&parent=245"}],"wp:term":[{"taxonomy":"product_brand","embeddable":true,"href":"https:\/\/faguri.md\/index.php?rest_route=%2Fwp%2Fv2%2Fproduct_brand&post=245"},{"taxonomy":"product_cat","embeddable":true,"href":"https:\/\/faguri.md\/index.php?rest_route=%2Fwp%2Fv2%2Fproduct_cat&post=245"},{"taxonomy":"product_tag","embeddable":true,"href":"https:\/\/faguri.md\/index.php?rest_route=%2Fwp%2Fv2%2Fproduct_tag&post=245"}],"curies":[{"name":"wp","href":"https:\/\/api.w.org\/{rel}","templated":true}]}}